{"id":2,"date":"2025-02-07T18:40:45","date_gmt":"2025-02-07T18:40:45","guid":{"rendered":"https:\/\/andaluechile.cl\/?page_id=2"},"modified":"2025-02-15T15:25:48","modified_gmt":"2025-02-15T15:25:48","slug":"nosotros","status":"publish","type":"page","link":"https:\/\/www.andaluechile.cl\/index.php\/nosotros\/","title":{"rendered":"Quienes Somos"},"content":{"rendered":"\n<div class=\"wp-block-columns alignwide is-layout-flex wp-container-core-columns-is-layout-28f84493 wp-block-columns-is-layout-flex\">\n<div class=\"wp-block-column is-vertically-aligned-center has-global-padding is-content-justification-center is-layout-constrained wp-block-column-is-layout-constrained\">\n<p class=\"has-text-align-center\" style=\"border-style:none;border-width:0px;border-radius:0px\">Somos una empresa pesquera fundada en 2020 en la regi\u00f3n del Biob\u00edo, dedicada a ofrecer productos de alta calidad mediante la pesca artesanal y m\u00e9todos sostenibles. Respetamos el entorno y utilizamos procesos hidrobiol\u00f3gicos que equilibran la tradici\u00f3n y la innovaci\u00f3n. Nuestro enfoque se basa en cuidar los recursos locales y las comunidades, garantizando una pesca responsable y preservando la frescura de nuestros productos. Buscamos contribuir al crecimiento sostenible de la regi\u00f3n, con un equipo comprometido con el medio ambiente y el bienestar de las generaciones futuras.<\/p>\n<\/div>\n<\/div>\n\n\n\n<div style=\"height:100px\" aria-hidden=\"true\" class=\"wp-block-spacer\"><\/div>\n\n\n\n<div class=\"wp-block-columns alignfull is-layout-flex wp-container-core-columns-is-layout-28f84493 wp-block-columns-is-layout-flex\">\n<div class=\"wp-block-column is-layout-flow wp-block-column-is-layout-flow\"><\/div>\n\n\n\n<div class=\"wp-block-column is-layout-flow wp-block-column-is-layout-flow\"><\/div>\n<\/div>\n\n\n\n<div class=\"wp-block-columns is-layout-flex wp-container-core-columns-is-layout-28f84493 wp-block-columns-is-layout-flex\">\n<div class=\"wp-block-column is-layout-flow wp-block-column-is-layout-flow\">\n<p class=\"has-text-align-center\">Ubicaci\u00f3n<\/p>\n\n\n<div id=\"wpgmza_map_1\" class=\"wpgmza_map wpgmza-auto-left\" style=\"display:block;width:100%;height:400px;overflow:hidden;position:relative;\" data-map-id=\"1\" data-maps-engine=\"google-maps\" data-build-engine=\"atlas-novus\" data-shortcode-attributes=\"{&quot;id&quot;:&quot;1&quot;,&quot;zoom&quot;:false,&quot;width&quot;:false,&quot;height&quot;:false,&quot;marker&quot;:false,&quot;classname&quot;:false}\" data-settings=\"{&quot;map_title&quot;:&quot;Pesquera Andalue&quot;,&quot;map_width&quot;:&quot;100&quot;,&quot;map_height&quot;:&quot;400&quot;,&quot;map_start_lat&quot;:&quot;-36.97123&quot;,&quot;map_start_lng&quot;:&quot;-73.16718999999999&quot;,&quot;map_start_location&quot;:&quot;45.950464398418106,-109.81550500000003&quot;,&quot;map_start_zoom&quot;:&quot;15&quot;,&quot;default_marker&quot;:&quot;&quot;,&quot;type&quot;:&quot;1&quot;,&quot;alignment&quot;:&quot;4&quot;,&quot;directions_enabled&quot;:&quot;0&quot;,&quot;styling_enabled&quot;:&quot;0&quot;,&quot;styling_json&quot;:&quot;&quot;,&quot;active&quot;:&quot;0&quot;,&quot;kml&quot;:&quot;&quot;,&quot;bicycle&quot;:&quot;0&quot;,&quot;traffic&quot;:&quot;0&quot;,&quot;dbox&quot;:&quot;0&quot;,&quot;dbox_width&quot;:&quot;&quot;,&quot;listmarkers&quot;:&quot;0&quot;,&quot;listmarkers_advanced&quot;:&quot;0&quot;,&quot;filterbycat&quot;:&quot;0&quot;,&quot;ugm_enabled&quot;:&quot;0&quot;,&quot;ugm_category_enabled&quot;:&quot;0&quot;,&quot;fusion&quot;:&quot;&quot;,&quot;map_width_type&quot;:&quot;%&quot;,&quot;map_height_type&quot;:&quot;px&quot;,&quot;mass_marker_support&quot;:&quot;0&quot;,&quot;ugm_access&quot;:&quot;0&quot;,&quot;order_markers_by&quot;:&quot;0&quot;,&quot;order_markers_choice&quot;:&quot;0&quot;,&quot;show_user_location&quot;:&quot;0&quot;,&quot;default_to&quot;:&quot;&quot;,&quot;map_type&quot;:1,&quot;sl_stroke_color&quot;:&quot;&quot;,&quot;sl_fill_color&quot;:&quot;&quot;,&quot;sl_stroke_opacity&quot;:&quot;&quot;,&quot;sl_fill_opacity&quot;:&quot;&quot;,&quot;transport_layer&quot;:false,&quot;action&quot;:&quot;wpgmza_save_map&quot;,&quot;redirect_to&quot;:&quot;\\\/wp-admin\\\/admin-post.php&quot;,&quot;map_id&quot;:&quot;1&quot;,&quot;wpgmza_savemap&quot;:&quot;Guardar Mapa&quot;,&quot;http_referer&quot;:&quot;\\\/wp-admin\\\/admin.php?page=wp-google-maps-menu&amp;amp;action=edit&amp;amp;map_id=1&quot;,&quot;wpgmza_id&quot;:&quot;1&quot;,&quot;wpgmza_start_location&quot;:&quot;-36.97123,-73.16718999999999&quot;,&quot;wpgmza_start_zoom&quot;:&quot;15&quot;,&quot;wpgmza_map_align&quot;:&quot;1&quot;,&quot;store_locator_enabled&quot;:false,&quot;store_locator_distance&quot;:false,&quot;store_locator_search_area&quot;:&quot;radial&quot;,&quot;wpgmza_store_locator_default_radius&quot;:&quot;10&quot;,&quot;store_locator_auto_area_max_zoom&quot;:&quot;&quot;,&quot;wpgmza_store_locator_radius_style&quot;:&quot;legacy&quot;,&quot;store_locator_component_anchor&quot;:&quot;0&quot;,&quot;wpgmza_store_locator_bounce&quot;:false,&quot;wpgmza_sl_animation&quot;:null,&quot;store_locator_query_string&quot;:&quot;&quot;,&quot;store_locator_location_placeholder&quot;:&quot;&quot;,&quot;store_locator_default_address&quot;:&quot;&quot;,&quot;store_locator_name_search&quot;:false,&quot;store_locator_name_string&quot;:&quot;&quot;,&quot;store_locator_not_found_message&quot;:&quot;&quot;,&quot;store_locator_show_distance&quot;:false,&quot;store_locator_category&quot;:false,&quot;wpgmza_store_locator_use_their_location&quot;:false,&quot;wpgmza_store_locator_hide_before_search&quot;:false,&quot;store_locator_nearby_searches&quot;:false,&quot;wpgmza_theme_data&quot;:&quot;&quot;,&quot;custom_tile_enabled&quot;:false,&quot;custom_tile_image&quot;:&quot;&quot;,&quot;custom_tile_image_width&quot;:&quot;&quot;,&quot;custom_tile_image_height&quot;:&quot;&quot;,&quot;custom_tile_image_attribution&quot;:&quot;&quot;,&quot;iw_primary_color&quot;:&quot;#000000&quot;,&quot;iw_accent_color&quot;:&quot;#000000&quot;,&quot;iw_text_color&quot;:&quot;#000000&quot;,&quot;close_infowindow_on_map_click&quot;:false,&quot;marker_share_links&quot;:false,&quot;wpgmza_listmarkers_by&quot;:&quot;0&quot;,&quot;marker_listing_component_anchor&quot;:null,&quot;marker_listing_component_auto_open&quot;:false,&quot;category_filter_component_anchor&quot;:null,&quot;zoom_level_on_marker_listing_override&quot;:false,&quot;zoom_level_on_marker_listing_click&quot;:&quot;&quot;,&quot;marker_listing_disable_zoom&quot;:false,&quot;dataTable_pagination_style&quot;:null,&quot;datatable_no_result_message&quot;:&quot;&quot;,&quot;remove_search_box_datables&quot;:false,&quot;datatable_search_string&quot;:&quot;&quot;,&quot;datatable_result_start&quot;:&quot;&quot;,&quot;datatable_result_of&quot;:&quot;&quot;,&quot;datatable_result_to&quot;:&quot;&quot;,&quot;datatable_result_total&quot;:&quot;&quot;,&quot;datatable_result_show&quot;:&quot;&quot;,&quot;datatable_result_entries&quot;:&quot;&quot;,&quot;category_legends_enabled&quot;:false,&quot;category_legends_component_anchor&quot;:null,&quot;jump_to_nearest_marker_on_initialization&quot;:false,&quot;click_open_link&quot;:false,&quot;wpgmza_zoom_on_marker_click&quot;:false,&quot;wpgmza_zoom_on_marker_click_slider&quot;:&quot;&quot;,&quot;enable_marker_labels&quot;:false,&quot;polygon_labels&quot;:false,&quot;disable_polygon_info_windows&quot;:false,&quot;fit_maps_bounds_to_markers&quot;:false,&quot;fit_maps_bounds_to_markers_after_filtering&quot;:false,&quot;automatically_pan_to_users_location&quot;:false,&quot;override_users_location_zoom_level&quot;:false,&quot;override_users_location_zoom_levels&quot;:&quot;&quot;,&quot;show_distance_from_location&quot;:false,&quot;map_starts_in_streetview&quot;:false,&quot;map_starts_in_streetview_location&quot;:&quot;&quot;,&quot;map_starts_in_streetview_heading&quot;:&quot;&quot;,&quot;map_starts_in_streetview_pitch&quot;:&quot;&quot;,&quot;map_max_zoom&quot;:&quot;21&quot;,&quot;map_min_zoom&quot;:&quot;0&quot;,&quot;zoom_level_mobile_override_enabled&quot;:false,&quot;zoom_level_mobile_override&quot;:&quot;&quot;,&quot;hide_point_of_interest&quot;:false,&quot;disable_lightbox_images&quot;:false,&quot;use_Raw_Jpeg_Coordinates&quot;:false,&quot;enable_marker_ratings&quot;:false,&quot;only_load_markers_within_viewport&quot;:false,&quot;id&quot;:1}\" ><\/div><\/div>\n\n\n\n<div class=\"wp-block-column has-background is-layout-flow wp-block-column-is-layout-flow\" style=\"background-color:#ffffff00\">\n<div style=\"margin-top:0;margin-bottom:0;height:26px\" aria-hidden=\"true\" class=\"wp-block-spacer\"><\/div>\n\n\n\n<p class=\"has-text-align-center\">Los Ingenieros 967, Parque Industrial, Coronel.<\/p>\n<\/div>\n<\/div>\n\n\n\n<div class=\"wp-block-columns is-layout-flex wp-container-core-columns-is-layout-28f84493 wp-block-columns-is-layout-flex\">\n<div class=\"wp-block-column is-layout-flow wp-block-column-is-layout-flow\">\n<div style=\"height:100px\" aria-hidden=\"true\" class=\"wp-block-spacer\"><\/div>\n<\/div>\n<\/div>\n\n\n\n<div class=\"wp-block-columns alignfull is-layout-flex wp-container-core-columns-is-layout-28f84493 wp-block-columns-is-layout-flex\">\n<div class=\"wp-block-column is-layout-flow wp-block-column-is-layout-flow\">\n<div class=\"wp-block-cover\" style=\"min-height:453px;aspect-ratio:unset;\"><span aria-hidden=\"true\" class=\"wp-block-cover__background has-background-dim-100 has-background-dim\" style=\"background-color:#3388e0\"><\/span><div class=\"wp-block-cover__inner-container is-layout-flow wp-block-cover-is-layout-flow\">\n<p class=\"has-text-align-center has-x-large-font-size\">RESPONSABILIDAD<br> CON EL MEDIO<br>AMBIENTE<\/p>\n<\/div><\/div>\n<\/div>\n\n\n\n<div class=\"wp-block-column is-layout-flow wp-block-column-is-layout-flow\">\n<figure class=\"wp-block-image size-full\"><img fetchpriority=\"high\" decoding=\"async\" width=\"1374\" height=\"1031\" src=\"https:\/\/www.andaluechile.cl\/wp-content\/uploads\/2025\/02\/photo-1502726299822-6f583f972e02.avif\" alt=\"\" class=\"wp-image-249\"\/><\/figure>\n<\/div>\n<\/div>\n","protected":false},"excerpt":{"rendered":"<p>Somos una empresa pesquera fundada en 2020 en la regi\u00f3n del Biob\u00edo, dedicada a ofrecer productos de alta calidad mediante la pesca artesanal y m\u00e9todos sostenibles. Respetamos el entorno y utilizamos procesos hidrobiol\u00f3gicos que equilibran la tradici\u00f3n y la innovaci\u00f3n. Nuestro enfoque se basa en cuidar los recursos locales y las comunidades, garantizando una pesca [&hellip;]<\/p>\n","protected":false},"author":1,"featured_media":0,"parent":0,"menu_order":0,"comment_status":"closed","ping_status":"closed","template":"","meta":{"footnotes":""},"class_list":["post-2","page","type-page","status-publish","hentry"],"yoast_head":"<!-- This site is optimized with the Yoast SEO plugin v26.9 - https:\/\/yoast.com\/product\/yoast-seo-wordpress\/ -->\n<title>Quienes Somos - Pesquera Andalue Chile pesquera chile biobio andalue alta calidad<\/title>\n<meta name=\"description\" content=\"Fundada en 2020 en la regi\u00f3n del Biob\u00edo, nuestra empresa pesquera se dedica a ofrecer productos de alta calidad.\" \/>\n<meta name=\"robots\" content=\"index, follow, max-snippet:-1, max-image-preview:large, max-video-preview:-1\" \/>\n<link rel=\"canonical\" href=\"https:\/\/www.andaluechile.cl\/index.php\/nosotros\/\" \/>\n<meta property=\"og:locale\" content=\"es_ES\" \/>\n<meta property=\"og:type\" content=\"article\" \/>\n<meta property=\"og:title\" content=\"Quienes Somos - Pesquera Andalue Chile pesquera chile biobio andalue alta calidad\" \/>\n<meta property=\"og:description\" content=\"Fundada en 2020 en la regi\u00f3n del Biob\u00edo, nuestra empresa pesquera se dedica a ofrecer productos de alta calidad.\" \/>\n<meta property=\"og:url\" content=\"https:\/\/www.andaluechile.cl\/index.php\/nosotros\/\" \/>\n<meta property=\"og:site_name\" content=\"Pesquera Andalue Chile\" \/>\n<meta property=\"article:modified_time\" content=\"2025-02-15T15:25:48+00:00\" \/>\n<meta property=\"og:image\" content=\"https:\/\/www.andaluechile.cl\/wp-content\/uploads\/2025\/02\/LOGO-ANDALUE-TRANSPARENTE.png\" \/>\n\t<meta property=\"og:image:width\" content=\"500\" \/>\n\t<meta property=\"og:image:height\" content=\"500\" \/>\n\t<meta property=\"og:image:type\" content=\"image\/png\" \/>\n<meta name=\"twitter:card\" content=\"summary_large_image\" \/>\n<meta name=\"twitter:label1\" content=\"Tiempo de lectura\" \/>\n\t<meta name=\"twitter:data1\" content=\"1 minuto\" \/>\n<script type=\"application\/ld+json\" class=\"yoast-schema-graph\">{\"@context\":\"https:\/\/schema.org\",\"@graph\":[{\"@type\":\"WebPage\",\"@id\":\"https:\/\/www.andaluechile.cl\/index.php\/nosotros\/\",\"url\":\"https:\/\/www.andaluechile.cl\/index.php\/nosotros\/\",\"name\":\"Quienes Somos - Pesquera Andalue Chile pesquera chile biobio andalue alta calidad\",\"isPartOf\":{\"@id\":\"https:\/\/www.andaluechile.cl\/#website\"},\"primaryImageOfPage\":{\"@id\":\"https:\/\/www.andaluechile.cl\/index.php\/nosotros\/#primaryimage\"},\"image\":{\"@id\":\"https:\/\/www.andaluechile.cl\/index.php\/nosotros\/#primaryimage\"},\"thumbnailUrl\":\"https:\/\/www.andaluechile.cl\/wp-content\/uploads\/2025\/02\/photo-1502726299822-6f583f972e02.avif\",\"datePublished\":\"2025-02-07T18:40:45+00:00\",\"dateModified\":\"2025-02-15T15:25:48+00:00\",\"description\":\"Fundada en 2020 en la regi\u00f3n del Biob\u00edo, nuestra empresa pesquera se dedica a ofrecer productos de alta calidad.\",\"breadcrumb\":{\"@id\":\"https:\/\/www.andaluechile.cl\/index.php\/nosotros\/#breadcrumb\"},\"inLanguage\":\"es\",\"potentialAction\":[{\"@type\":\"ReadAction\",\"target\":[\"https:\/\/www.andaluechile.cl\/index.php\/nosotros\/\"]}]},{\"@type\":\"ImageObject\",\"inLanguage\":\"es\",\"@id\":\"https:\/\/www.andaluechile.cl\/index.php\/nosotros\/#primaryimage\",\"url\":\"https:\/\/www.andaluechile.cl\/wp-content\/uploads\/2025\/02\/photo-1502726299822-6f583f972e02.avif\",\"contentUrl\":\"https:\/\/www.andaluechile.cl\/wp-content\/uploads\/2025\/02\/photo-1502726299822-6f583f972e02.avif\",\"width\":1374,\"height\":1031},{\"@type\":\"BreadcrumbList\",\"@id\":\"https:\/\/www.andaluechile.cl\/index.php\/nosotros\/#breadcrumb\",\"itemListElement\":[{\"@type\":\"ListItem\",\"position\":1,\"name\":\"Portada\",\"item\":\"https:\/\/www.andaluechile.cl\/\"},{\"@type\":\"ListItem\",\"position\":2,\"name\":\"Quienes Somos\"}]},{\"@type\":\"WebSite\",\"@id\":\"https:\/\/www.andaluechile.cl\/#website\",\"url\":\"https:\/\/www.andaluechile.cl\/\",\"name\":\"Pesquera Andalue Chile\",\"description\":\"Pesquera Andalue Chile - Region del BioBio\",\"publisher\":{\"@id\":\"https:\/\/www.andaluechile.cl\/#organization\"},\"alternateName\":\"Andalue Chile\",\"potentialAction\":[{\"@type\":\"SearchAction\",\"target\":{\"@type\":\"EntryPoint\",\"urlTemplate\":\"https:\/\/www.andaluechile.cl\/?s={search_term_string}\"},\"query-input\":{\"@type\":\"PropertyValueSpecification\",\"valueRequired\":true,\"valueName\":\"search_term_string\"}}],\"inLanguage\":\"es\"},{\"@type\":\"Organization\",\"@id\":\"https:\/\/www.andaluechile.cl\/#organization\",\"name\":\"Pesquera Andalue Chile\",\"alternateName\":\"Pesquera Andalue\",\"url\":\"https:\/\/www.andaluechile.cl\/\",\"logo\":{\"@type\":\"ImageObject\",\"inLanguage\":\"es\",\"@id\":\"https:\/\/www.andaluechile.cl\/#\/schema\/logo\/image\/\",\"url\":\"https:\/\/www.andaluechile.cl\/wp-content\/uploads\/2025\/02\/LOGO-ANDALUE-blanco-trans.png\",\"contentUrl\":\"https:\/\/www.andaluechile.cl\/wp-content\/uploads\/2025\/02\/LOGO-ANDALUE-blanco-trans.png\",\"width\":500,\"height\":500,\"caption\":\"Pesquera Andalue Chile\"},\"image\":{\"@id\":\"https:\/\/www.andaluechile.cl\/#\/schema\/logo\/image\/\"}}]}<\/script>\n<!-- \/ Yoast SEO plugin. -->","yoast_head_json":{"title":"Quienes Somos - Pesquera Andalue Chile pesquera chile biobio andalue alta calidad","description":"Fundada en 2020 en la regi\u00f3n del Biob\u00edo, nuestra empresa pesquera se dedica a ofrecer productos de alta calidad.","robots":{"index":"index","follow":"follow","max-snippet":"max-snippet:-1","max-image-preview":"max-image-preview:large","max-video-preview":"max-video-preview:-1"},"canonical":"https:\/\/www.andaluechile.cl\/index.php\/nosotros\/","og_locale":"es_ES","og_type":"article","og_title":"Quienes Somos - Pesquera Andalue Chile pesquera chile biobio andalue alta calidad","og_description":"Fundada en 2020 en la regi\u00f3n del Biob\u00edo, nuestra empresa pesquera se dedica a ofrecer productos de alta calidad.","og_url":"https:\/\/www.andaluechile.cl\/index.php\/nosotros\/","og_site_name":"Pesquera Andalue Chile","article_modified_time":"2025-02-15T15:25:48+00:00","og_image":[{"width":500,"height":500,"url":"https:\/\/www.andaluechile.cl\/wp-content\/uploads\/2025\/02\/LOGO-ANDALUE-TRANSPARENTE.png","type":"image\/png"}],"twitter_card":"summary_large_image","twitter_misc":{"Tiempo de lectura":"1 minuto"},"schema":{"@context":"https:\/\/schema.org","@graph":[{"@type":"WebPage","@id":"https:\/\/www.andaluechile.cl\/index.php\/nosotros\/","url":"https:\/\/www.andaluechile.cl\/index.php\/nosotros\/","name":"Quienes Somos - Pesquera Andalue Chile pesquera chile biobio andalue alta calidad","isPartOf":{"@id":"https:\/\/www.andaluechile.cl\/#website"},"primaryImageOfPage":{"@id":"https:\/\/www.andaluechile.cl\/index.php\/nosotros\/#primaryimage"},"image":{"@id":"https:\/\/www.andaluechile.cl\/index.php\/nosotros\/#primaryimage"},"thumbnailUrl":"https:\/\/www.andaluechile.cl\/wp-content\/uploads\/2025\/02\/photo-1502726299822-6f583f972e02.avif","datePublished":"2025-02-07T18:40:45+00:00","dateModified":"2025-02-15T15:25:48+00:00","description":"Fundada en 2020 en la regi\u00f3n del Biob\u00edo, nuestra empresa pesquera se dedica a ofrecer productos de alta calidad.","breadcrumb":{"@id":"https:\/\/www.andaluechile.cl\/index.php\/nosotros\/#breadcrumb"},"inLanguage":"es","potentialAction":[{"@type":"ReadAction","target":["https:\/\/www.andaluechile.cl\/index.php\/nosotros\/"]}]},{"@type":"ImageObject","inLanguage":"es","@id":"https:\/\/www.andaluechile.cl\/index.php\/nosotros\/#primaryimage","url":"https:\/\/www.andaluechile.cl\/wp-content\/uploads\/2025\/02\/photo-1502726299822-6f583f972e02.avif","contentUrl":"https:\/\/www.andaluechile.cl\/wp-content\/uploads\/2025\/02\/photo-1502726299822-6f583f972e02.avif","width":1374,"height":1031},{"@type":"BreadcrumbList","@id":"https:\/\/www.andaluechile.cl\/index.php\/nosotros\/#breadcrumb","itemListElement":[{"@type":"ListItem","position":1,"name":"Portada","item":"https:\/\/www.andaluechile.cl\/"},{"@type":"ListItem","position":2,"name":"Quienes Somos"}]},{"@type":"WebSite","@id":"https:\/\/www.andaluechile.cl\/#website","url":"https:\/\/www.andaluechile.cl\/","name":"Pesquera Andalue Chile","description":"Pesquera Andalue Chile - Region del BioBio","publisher":{"@id":"https:\/\/www.andaluechile.cl\/#organization"},"alternateName":"Andalue Chile","potentialAction":[{"@type":"SearchAction","target":{"@type":"EntryPoint","urlTemplate":"https:\/\/www.andaluechile.cl\/?s={search_term_string}"},"query-input":{"@type":"PropertyValueSpecification","valueRequired":true,"valueName":"search_term_string"}}],"inLanguage":"es"},{"@type":"Organization","@id":"https:\/\/www.andaluechile.cl\/#organization","name":"Pesquera Andalue Chile","alternateName":"Pesquera Andalue","url":"https:\/\/www.andaluechile.cl\/","logo":{"@type":"ImageObject","inLanguage":"es","@id":"https:\/\/www.andaluechile.cl\/#\/schema\/logo\/image\/","url":"https:\/\/www.andaluechile.cl\/wp-content\/uploads\/2025\/02\/LOGO-ANDALUE-blanco-trans.png","contentUrl":"https:\/\/www.andaluechile.cl\/wp-content\/uploads\/2025\/02\/LOGO-ANDALUE-blanco-trans.png","width":500,"height":500,"caption":"Pesquera Andalue Chile"},"image":{"@id":"https:\/\/www.andaluechile.cl\/#\/schema\/logo\/image\/"}}]}},"jetpack_sharing_enabled":true,"_links":{"self":[{"href":"https:\/\/www.andaluechile.cl\/index.php\/wp-json\/wp\/v2\/pages\/2","targetHints":{"allow":["GET"]}}],"collection":[{"href":"https:\/\/www.andaluechile.cl\/index.php\/wp-json\/wp\/v2\/pages"}],"about":[{"href":"https:\/\/www.andaluechile.cl\/index.php\/wp-json\/wp\/v2\/types\/page"}],"author":[{"embeddable":true,"href":"https:\/\/www.andaluechile.cl\/index.php\/wp-json\/wp\/v2\/users\/1"}],"replies":[{"embeddable":true,"href":"https:\/\/www.andaluechile.cl\/index.php\/wp-json\/wp\/v2\/comments?post=2"}],"version-history":[{"count":39,"href":"https:\/\/www.andaluechile.cl\/index.php\/wp-json\/wp\/v2\/pages\/2\/revisions"}],"predecessor-version":[{"id":421,"href":"https:\/\/www.andaluechile.cl\/index.php\/wp-json\/wp\/v2\/pages\/2\/revisions\/421"}],"wp:attachment":[{"href":"https:\/\/www.andaluechile.cl\/index.php\/wp-json\/wp\/v2\/media?parent=2"}],"curies":[{"name":"wp","href":"https:\/\/api.w.org\/{rel}","templated":true}]}}